{"id":136,"date":"2026-01-24T15:25:09","date_gmt":"2026-01-24T15:25:09","guid":{"rendered":"https:\/\/vivreagirploudaniel.fr\/?page_id=136"},"modified":"2026-02-09T09:50:47","modified_gmt":"2026-02-09T09:50:47","slug":"contact","status":"publish","type":"page","link":"https:\/\/vivreagirploudaniel.fr\/index.php\/contact\/","title":{"rendered":"Contact"},"content":{"rendered":"\t\t<div data-elementor-type=\"wp-page\" data-elementor-id=\"136\" class=\"elementor elementor-136\">\n\t\t\t\t<div class=\"elementor-element elementor-element-92af30d e-flex e-con-boxed e-con e-parent\" data-id=\"92af30d\" data-element_type=\"container\" data-e-type=\"container\">\n\t\t\t\t\t<div class=\"e-con-inner\">\n\t\t\t\t<div class=\"elementor-element elementor-element-fc290d4 elementor-invisible elementor-widget elementor-widget-heading\" data-id=\"fc290d4\" data-element_type=\"widget\" data-e-type=\"widget\" data-settings=\"{&quot;_animation&quot;:&quot;slideInDown&quot;}\" data-widget_type=\"heading.default\">\n\t\t\t\t\t<h2 class=\"elementor-heading-title elementor-size-default\">Contact \u2013 Vivre, Agir \u00e0 Ploudaniel<\/h2>\t\t\t\t<\/div>\n\t\t\t\t\t<\/div>\n\t\t\t\t<\/div>\n\t\t<div class=\"elementor-element elementor-element-8b2b588 e-flex e-con-boxed e-con e-parent\" data-id=\"8b2b588\" data-element_type=\"container\" data-e-type=\"container\">\n\t\t\t\t\t<div class=\"e-con-inner\">\n\t\t\t\t<div class=\"elementor-element elementor-element-b611724 elementor-widget elementor-widget-text-editor\" data-id=\"b611724\" data-element_type=\"widget\" data-e-type=\"widget\" data-widget_type=\"text-editor.default\">\n\t\t\t\t\t\t\t\t\t<p data-start=\"222\" data-end=\"452\">Vous souhaitez \u00e9changer avec la liste <strong data-start=\"260\" data-end=\"288\">Vivre, Agir \u00e0 Ploudaniel<\/strong>\u202f? Que ce soit pour poser vos questions, partager vos id\u00e9es ou en savoir plus sur nos projets pour les <strong data-start=\"391\" data-end=\"421\">\u00e9lections municipales 2026<\/strong>, nous sommes \u00e0 votre \u00e9coute.<\/p><p data-start=\"454\" data-end=\"716\">Notre \u00e9quipe est engag\u00e9e pour renforcer la <strong data-start=\"484\" data-end=\"534\">proximit\u00e9, solidarit\u00e9 et d\u00e9veloppement durable<\/strong> \u00e0 Ploudaniel, et votre avis compte.<br data-start=\"570\" data-end=\"573\" \/>Contactez-nous directement par email pour entrer en contact avec notre \u00e9quipe.<\/p><p data-start=\"718\" data-end=\"860\">Nous r\u00e9pondrons rapidement afin de faciliter le dialogue avec les habitants et de continuer \u00e0 construire une commune <strong data-start=\"835\" data-end=\"857\">\u00e0 l\u2019\u00e9coute de tous<\/strong>.<\/p>\t\t\t\t\t\t\t\t<\/div>\n\t\t\t\t\t<\/div>\n\t\t\t\t<\/div>\n\t\t<div class=\"elementor-element elementor-element-de33b54 e-flex e-con-boxed e-con e-parent\" data-id=\"de33b54\" data-element_type=\"container\" data-e-type=\"container\">\n\t\t\t\t\t<div class=\"e-con-inner\">\n\t\t\t\t<div class=\"elementor-element elementor-element-3d8e2f6 elementor-icon-list--layout-traditional elementor-list-item-link-full_width elementor-invisible elementor-widget elementor-widget-icon-list\" data-id=\"3d8e2f6\" data-element_type=\"widget\" data-e-type=\"widget\" data-settings=\"{&quot;_animation&quot;:&quot;slideInLeft&quot;}\" data-widget_type=\"icon-list.default\">\n\t\t\t\t\t\t\t<ul class=\"elementor-icon-list-items\">\n\t\t\t\t\t\t\t<li class=\"elementor-icon-list-item\">\n\t\t\t\t\t\t\t\t\t\t\t<span class=\"elementor-icon-list-icon\">\n\t\t\t\t\t\t\t<svg aria-hidden=\"true\" class=\"e-font-icon-svg e-fas-mail-bulk\" viewBox=\"0 0 576 512\" xmlns=\"http:\/\/www.w3.org\/2000\/svg\"><path d=\"M160 448c-25.6 0-51.2-22.4-64-32-64-44.8-83.2-60.8-96-70.4V480c0 17.67 14.33 32 32 32h256c17.67 0 32-14.33 32-32V345.6c-12.8 9.6-32 25.6-96 70.4-12.8 9.6-38.4 32-64 32zm128-192H32c-17.67 0-32 14.33-32 32v16c25.6 19.2 22.4 19.2 115.2 86.4 9.6 6.4 28.8 25.6 44.8 25.6s35.2-19.2 44.8-22.4c92.8-67.2 89.6-67.2 115.2-86.4V288c0-17.67-14.33-32-32-32zm256-96H224c-17.67 0-32 14.33-32 32v32h96c33.21 0 60.59 25.42 63.71 57.82l.29-.22V416h192c17.67 0 32-14.33 32-32V192c0-17.67-14.33-32-32-32zm-32 128h-64v-64h64v64zm-352-96c0-35.29 28.71-64 64-64h224V32c0-17.67-14.33-32-32-32H96C78.33 0 64 14.33 64 32v192h96v-32z\"><\/path><\/svg>\t\t\t\t\t\t<\/span>\n\t\t\t\t\t\t\t\t\t\t<span class=\"elementor-icon-list-text\">vivreagirploudaniel.29260@gmail.com<\/span>\n\t\t\t\t\t\t\t\t\t<\/li>\n\t\t\t\t\t\t<\/ul>\n\t\t\t\t\t\t<\/div>\n\t\t\t\t\t<\/div>\n\t\t\t\t<\/div>\n\t\t<div class=\"elementor-element elementor-element-40fcc3d e-flex e-con-boxed e-con e-parent\" data-id=\"40fcc3d\" data-element_type=\"container\" data-e-type=\"container\">\n\t\t\t\t\t<div class=\"e-con-inner\">\n\t\t\t\t<div class=\"elementor-element elementor-element-38524de elementor-widget elementor-widget-image\" data-id=\"38524de\" data-element_type=\"widget\" data-e-type=\"widget\" data-widget_type=\"image.default\">\n\t\t\t\t\t\t\t\t\t\t\t\t\t\t\t\t<a href=\"https:\/\/vivreagirploudaniel.fr\/\">\n\t\t\t\t\t\t\t<img fetchpriority=\"high\" decoding=\"async\" width=\"842\" height=\"513\" src=\"https:\/\/vivreagirploudaniel.fr\/wp-content\/uploads\/2026\/01\/cropped-ChatGPT-Image-24-janv.-2026-a-13_49_16.webp\" class=\"attachment-large size-large wp-image-58\" alt=\"\" srcset=\"https:\/\/vivreagirploudaniel.fr\/wp-content\/uploads\/2026\/01\/cropped-ChatGPT-Image-24-janv.-2026-a-13_49_16.webp 842w, https:\/\/vivreagirploudaniel.fr\/wp-content\/uploads\/2026\/01\/cropped-ChatGPT-Image-24-janv.-2026-a-13_49_16-300x183.webp 300w, https:\/\/vivreagirploudaniel.fr\/wp-content\/uploads\/2026\/01\/cropped-ChatGPT-Image-24-janv.-2026-a-13_49_16-768x468.webp 768w\" sizes=\"(max-width: 842px) 100vw, 842px\" \/>\t\t\t\t\t\t\t\t<\/a>\n\t\t\t\t\t\t\t\t\t\t\t\t\t\t\t<\/div>\n\t\t\t\t\t<\/div>\n\t\t\t\t<\/div>\n\t\t\t\t<\/div>\n\t\t","protected":false},"excerpt":{"rendered":"<p>Contact \u2013 Vivre, Agir \u00e0 Ploudaniel Vous souhaitez \u00e9changer avec la liste Vivre, Agir \u00e0 Ploudaniel\u202f? Que ce soit pour poser vos questions, partager vos id\u00e9es ou en savoir plus sur nos projets pour les \u00e9lections municipales 2026, nous sommes \u00e0 votre \u00e9coute. Notre \u00e9quipe est engag\u00e9e pour renforcer la proximit\u00e9, solidarit\u00e9 et d\u00e9veloppement durable &#8230; <a title=\"Contact\" class=\"read-more\" href=\"https:\/\/vivreagirploudaniel.fr\/index.php\/contact\/\" aria-label=\"En savoir plus sur Contact\">Lire la suite<\/a><\/p>\n","protected":false},"author":1,"featured_media":0,"parent":0,"menu_order":0,"comment_status":"closed","ping_status":"closed","template":"","meta":{"footnotes":""},"class_list":["post-136","page","type-page","status-publish"],"yoast_head":"<!-- This site is optimized with the Yoast SEO plugin v27.3 - https:\/\/yoast.com\/product\/yoast-seo-wordpress\/ -->\n<title>Contact - Vivre, Agir \u00e0 Ploudaniel<\/title>\n<meta name=\"description\" content=\"Une question, une suggestion ? Contactez l\u2019\u00e9quipe Vivre, Agir \u00e0 Ploudaniel et participez \u00e0 la r\u00e9flexion pour l\u2019avenir de la commune.\" \/>\n<meta name=\"robots\" content=\"index, follow, max-snippet:-1, max-image-preview:large, max-video-preview:-1\" \/>\n<link rel=\"canonical\" href=\"https:\/\/vivreagirploudaniel.fr\/index.php\/contact\/\" \/>\n<meta property=\"og:locale\" content=\"fr_FR\" \/>\n<meta property=\"og:type\" content=\"article\" \/>\n<meta property=\"og:title\" content=\"Contact - Vivre, Agir \u00e0 Ploudaniel\" \/>\n<meta property=\"og:description\" content=\"Une question, une suggestion ? Contactez l\u2019\u00e9quipe Vivre, Agir \u00e0 Ploudaniel et participez \u00e0 la r\u00e9flexion pour l\u2019avenir de la commune.\" \/>\n<meta property=\"og:url\" content=\"https:\/\/vivreagirploudaniel.fr\/index.php\/contact\/\" \/>\n<meta property=\"og:site_name\" content=\"Vivre, Agir \u00e0 Ploudaniel\" \/>\n<meta property=\"article:modified_time\" content=\"2026-02-09T09:50:47+00:00\" \/>\n<meta property=\"og:image\" content=\"http:\/\/vivreagirploudaniel.fr\/wp-content\/uploads\/2026\/01\/cropped-ChatGPT-Image-24-janv.-2026-a-13_49_16.webp\" \/>\n<meta name=\"twitter:card\" content=\"summary_large_image\" \/>\n<meta name=\"twitter:label1\" content=\"Dur\u00e9e de lecture estim\u00e9e\" \/>\n\t<meta name=\"twitter:data1\" content=\"1 minute\" \/>\n<script type=\"application\/ld+json\" class=\"yoast-schema-graph\">{\"@context\":\"https:\\\/\\\/schema.org\",\"@graph\":[{\"@type\":\"WebPage\",\"@id\":\"https:\\\/\\\/vivreagirploudaniel.fr\\\/index.php\\\/contact\\\/\",\"url\":\"https:\\\/\\\/vivreagirploudaniel.fr\\\/index.php\\\/contact\\\/\",\"name\":\"Contact - Vivre, Agir \u00e0 Ploudaniel\",\"isPartOf\":{\"@id\":\"http:\\\/\\\/vivreagirploudaniel.fr\\\/#website\"},\"primaryImageOfPage\":{\"@id\":\"https:\\\/\\\/vivreagirploudaniel.fr\\\/index.php\\\/contact\\\/#primaryimage\"},\"image\":{\"@id\":\"https:\\\/\\\/vivreagirploudaniel.fr\\\/index.php\\\/contact\\\/#primaryimage\"},\"thumbnailUrl\":\"http:\\\/\\\/vivreagirploudaniel.fr\\\/wp-content\\\/uploads\\\/2026\\\/01\\\/cropped-ChatGPT-Image-24-janv.-2026-a-13_49_16.webp\",\"datePublished\":\"2026-01-24T15:25:09+00:00\",\"dateModified\":\"2026-02-09T09:50:47+00:00\",\"description\":\"Une question, une suggestion ? Contactez l\u2019\u00e9quipe Vivre, Agir \u00e0 Ploudaniel et participez \u00e0 la r\u00e9flexion pour l\u2019avenir de la commune.\",\"breadcrumb\":{\"@id\":\"https:\\\/\\\/vivreagirploudaniel.fr\\\/index.php\\\/contact\\\/#breadcrumb\"},\"inLanguage\":\"fr-FR\",\"potentialAction\":[{\"@type\":\"ReadAction\",\"target\":[\"https:\\\/\\\/vivreagirploudaniel.fr\\\/index.php\\\/contact\\\/\"]}]},{\"@type\":\"ImageObject\",\"inLanguage\":\"fr-FR\",\"@id\":\"https:\\\/\\\/vivreagirploudaniel.fr\\\/index.php\\\/contact\\\/#primaryimage\",\"url\":\"https:\\\/\\\/vivreagirploudaniel.fr\\\/wp-content\\\/uploads\\\/2026\\\/01\\\/cropped-ChatGPT-Image-24-janv.-2026-a-13_49_16.webp\",\"contentUrl\":\"https:\\\/\\\/vivreagirploudaniel.fr\\\/wp-content\\\/uploads\\\/2026\\\/01\\\/cropped-ChatGPT-Image-24-janv.-2026-a-13_49_16.webp\",\"width\":842,\"height\":513},{\"@type\":\"BreadcrumbList\",\"@id\":\"https:\\\/\\\/vivreagirploudaniel.fr\\\/index.php\\\/contact\\\/#breadcrumb\",\"itemListElement\":[{\"@type\":\"ListItem\",\"position\":1,\"name\":\"Accueil\",\"item\":\"https:\\\/\\\/vivreagirploudaniel.fr\\\/\"},{\"@type\":\"ListItem\",\"position\":2,\"name\":\"Contact\"}]},{\"@type\":\"WebSite\",\"@id\":\"http:\\\/\\\/vivreagirploudaniel.fr\\\/#website\",\"url\":\"http:\\\/\\\/vivreagirploudaniel.fr\\\/\",\"name\":\"Vivre, Agir \u00e0 Ploudaniel\",\"description\":\"Bevomp assembles, atao prest bepred evit plouzeniel\",\"publisher\":{\"@id\":\"http:\\\/\\\/vivreagirploudaniel.fr\\\/#organization\"},\"potentialAction\":[{\"@type\":\"SearchAction\",\"target\":{\"@type\":\"EntryPoint\",\"urlTemplate\":\"http:\\\/\\\/vivreagirploudaniel.fr\\\/?s={search_term_string}\"},\"query-input\":{\"@type\":\"PropertyValueSpecification\",\"valueRequired\":true,\"valueName\":\"search_term_string\"}}],\"inLanguage\":\"fr-FR\"},{\"@type\":\"Organization\",\"@id\":\"http:\\\/\\\/vivreagirploudaniel.fr\\\/#organization\",\"name\":\"Vivre, Agir \u00e0 Ploudaniel\",\"url\":\"http:\\\/\\\/vivreagirploudaniel.fr\\\/\",\"logo\":{\"@type\":\"ImageObject\",\"inLanguage\":\"fr-FR\",\"@id\":\"http:\\\/\\\/vivreagirploudaniel.fr\\\/#\\\/schema\\\/logo\\\/image\\\/\",\"url\":\"https:\\\/\\\/vivreagirploudaniel.fr\\\/wp-content\\\/uploads\\\/2026\\\/01\\\/cropped-ChatGPT-Image-24-janv.-2026-a-13_49_16-2.webp\",\"contentUrl\":\"https:\\\/\\\/vivreagirploudaniel.fr\\\/wp-content\\\/uploads\\\/2026\\\/01\\\/cropped-ChatGPT-Image-24-janv.-2026-a-13_49_16-2.webp\",\"width\":841,\"height\":505,\"caption\":\"Vivre, Agir \u00e0 Ploudaniel\"},\"image\":{\"@id\":\"http:\\\/\\\/vivreagirploudaniel.fr\\\/#\\\/schema\\\/logo\\\/image\\\/\"}}]}<\/script>\n<!-- \/ Yoast SEO plugin. -->","yoast_head_json":{"title":"Contact - Vivre, Agir \u00e0 Ploudaniel","description":"Une question, une suggestion ? Contactez l\u2019\u00e9quipe Vivre, Agir \u00e0 Ploudaniel et participez \u00e0 la r\u00e9flexion pour l\u2019avenir de la commune.","robots":{"index":"index","follow":"follow","max-snippet":"max-snippet:-1","max-image-preview":"max-image-preview:large","max-video-preview":"max-video-preview:-1"},"canonical":"https:\/\/vivreagirploudaniel.fr\/index.php\/contact\/","og_locale":"fr_FR","og_type":"article","og_title":"Contact - Vivre, Agir \u00e0 Ploudaniel","og_description":"Une question, une suggestion ? Contactez l\u2019\u00e9quipe Vivre, Agir \u00e0 Ploudaniel et participez \u00e0 la r\u00e9flexion pour l\u2019avenir de la commune.","og_url":"https:\/\/vivreagirploudaniel.fr\/index.php\/contact\/","og_site_name":"Vivre, Agir \u00e0 Ploudaniel","article_modified_time":"2026-02-09T09:50:47+00:00","og_image":[{"url":"http:\/\/vivreagirploudaniel.fr\/wp-content\/uploads\/2026\/01\/cropped-ChatGPT-Image-24-janv.-2026-a-13_49_16.webp","type":"","width":"","height":""}],"twitter_card":"summary_large_image","twitter_misc":{"Dur\u00e9e de lecture estim\u00e9e":"1 minute"},"schema":{"@context":"https:\/\/schema.org","@graph":[{"@type":"WebPage","@id":"https:\/\/vivreagirploudaniel.fr\/index.php\/contact\/","url":"https:\/\/vivreagirploudaniel.fr\/index.php\/contact\/","name":"Contact - Vivre, Agir \u00e0 Ploudaniel","isPartOf":{"@id":"http:\/\/vivreagirploudaniel.fr\/#website"},"primaryImageOfPage":{"@id":"https:\/\/vivreagirploudaniel.fr\/index.php\/contact\/#primaryimage"},"image":{"@id":"https:\/\/vivreagirploudaniel.fr\/index.php\/contact\/#primaryimage"},"thumbnailUrl":"http:\/\/vivreagirploudaniel.fr\/wp-content\/uploads\/2026\/01\/cropped-ChatGPT-Image-24-janv.-2026-a-13_49_16.webp","datePublished":"2026-01-24T15:25:09+00:00","dateModified":"2026-02-09T09:50:47+00:00","description":"Une question, une suggestion ? Contactez l\u2019\u00e9quipe Vivre, Agir \u00e0 Ploudaniel et participez \u00e0 la r\u00e9flexion pour l\u2019avenir de la commune.","breadcrumb":{"@id":"https:\/\/vivreagirploudaniel.fr\/index.php\/contact\/#breadcrumb"},"inLanguage":"fr-FR","potentialAction":[{"@type":"ReadAction","target":["https:\/\/vivreagirploudaniel.fr\/index.php\/contact\/"]}]},{"@type":"ImageObject","inLanguage":"fr-FR","@id":"https:\/\/vivreagirploudaniel.fr\/index.php\/contact\/#primaryimage","url":"https:\/\/vivreagirploudaniel.fr\/wp-content\/uploads\/2026\/01\/cropped-ChatGPT-Image-24-janv.-2026-a-13_49_16.webp","contentUrl":"https:\/\/vivreagirploudaniel.fr\/wp-content\/uploads\/2026\/01\/cropped-ChatGPT-Image-24-janv.-2026-a-13_49_16.webp","width":842,"height":513},{"@type":"BreadcrumbList","@id":"https:\/\/vivreagirploudaniel.fr\/index.php\/contact\/#breadcrumb","itemListElement":[{"@type":"ListItem","position":1,"name":"Accueil","item":"https:\/\/vivreagirploudaniel.fr\/"},{"@type":"ListItem","position":2,"name":"Contact"}]},{"@type":"WebSite","@id":"http:\/\/vivreagirploudaniel.fr\/#website","url":"http:\/\/vivreagirploudaniel.fr\/","name":"Vivre, Agir \u00e0 Ploudaniel","description":"Bevomp assembles, atao prest bepred evit plouzeniel","publisher":{"@id":"http:\/\/vivreagirploudaniel.fr\/#organization"},"potentialAction":[{"@type":"SearchAction","target":{"@type":"EntryPoint","urlTemplate":"http:\/\/vivreagirploudaniel.fr\/?s={search_term_string}"},"query-input":{"@type":"PropertyValueSpecification","valueRequired":true,"valueName":"search_term_string"}}],"inLanguage":"fr-FR"},{"@type":"Organization","@id":"http:\/\/vivreagirploudaniel.fr\/#organization","name":"Vivre, Agir \u00e0 Ploudaniel","url":"http:\/\/vivreagirploudaniel.fr\/","logo":{"@type":"ImageObject","inLanguage":"fr-FR","@id":"http:\/\/vivreagirploudaniel.fr\/#\/schema\/logo\/image\/","url":"https:\/\/vivreagirploudaniel.fr\/wp-content\/uploads\/2026\/01\/cropped-ChatGPT-Image-24-janv.-2026-a-13_49_16-2.webp","contentUrl":"https:\/\/vivreagirploudaniel.fr\/wp-content\/uploads\/2026\/01\/cropped-ChatGPT-Image-24-janv.-2026-a-13_49_16-2.webp","width":841,"height":505,"caption":"Vivre, Agir \u00e0 Ploudaniel"},"image":{"@id":"http:\/\/vivreagirploudaniel.fr\/#\/schema\/logo\/image\/"}}]}},"_links":{"self":[{"href":"https:\/\/vivreagirploudaniel.fr\/index.php\/wp-json\/wp\/v2\/pages\/136","targetHints":{"allow":["GET"]}}],"collection":[{"href":"https:\/\/vivreagirploudaniel.fr\/index.php\/wp-json\/wp\/v2\/pages"}],"about":[{"href":"https:\/\/vivreagirploudaniel.fr\/index.php\/wp-json\/wp\/v2\/types\/page"}],"author":[{"embeddable":true,"href":"https:\/\/vivreagirploudaniel.fr\/index.php\/wp-json\/wp\/v2\/users\/1"}],"replies":[{"embeddable":true,"href":"https:\/\/vivreagirploudaniel.fr\/index.php\/wp-json\/wp\/v2\/comments?post=136"}],"version-history":[{"count":22,"href":"https:\/\/vivreagirploudaniel.fr\/index.php\/wp-json\/wp\/v2\/pages\/136\/revisions"}],"predecessor-version":[{"id":623,"href":"https:\/\/vivreagirploudaniel.fr\/index.php\/wp-json\/wp\/v2\/pages\/136\/revisions\/623"}],"wp:attachment":[{"href":"https:\/\/vivreagirploudaniel.fr\/index.php\/wp-json\/wp\/v2\/media?parent=136"}],"curies":[{"name":"wp","href":"https:\/\/api.w.org\/{rel}","templated":true}]}}